{"id":60737,"date":"2024-02-15T11:00:54","date_gmt":"2024-02-15T10:00:54","guid":{"rendered":"https:\/\/seven-project-consulting.com\/?page_id=60737"},"modified":"2024-02-15T14:58:42","modified_gmt":"2024-02-15T13:58:42","slug":"interim-management","status":"publish","type":"page","link":"https:\/\/seven-project-consulting.com\/en\/interim-management\/","title":{"rendered":"Interim Management"},"content":{"rendered":"<p>[et_pb_section fb_built=&#8221;1&#8243; module_class=&#8221;main_secondary_header text_center white_text common_htags&#8221; _builder_version=&#8221;4.18.0&#8243; _module_preset=&#8221;default&#8221; use_background_color_gradient=&#8221;on&#8221; background_color_gradient_stops=&#8221;rgba(0,0,0,0.5) 0%|rgba(0,0,0,0.5) 100%&#8221; background_color_gradient_overlays_image=&#8221;on&#8221; background_image=&#8221;https:\/\/seven-project-consulting.com\/wp-content\/uploads\/2022\/09\/AdobeStock_506186956-scaled.webp&#8221; global_colors_info=&#8221;{}&#8221;][et_pb_row _builder_version=&#8221;4.17.6&#8243; _module_preset=&#8221;default&#8221; global_colors_info=&#8221;{}&#8221;][et_pb_column type=&#8221;4_4&#8243; _builder_version=&#8221;4.17.6&#8243; _module_preset=&#8221;default&#8221; global_colors_info=&#8221;{}&#8221;][et_pb_text module_class=&#8221;mb0&#8243; _builder_version=&#8221;4.17.6&#8243; _module_preset=&#8221;default&#8221; global_colors_info=&#8221;{}&#8221;]<\/p>\n<h1> Interim Management<\/h1>\n<p>[\/et_pb_text][\/et_pb_column][\/et_pb_row][\/et_pb_section][et_pb_section fb_built=&#8221;1&#8243; _builder_version=&#8221;4.17.6&#8243; _module_preset=&#8221;default&#8221; global_colors_info=&#8221;{}&#8221;][et_pb_row column_structure=&#8221;1_2,1_2&#8243; use_custom_gutter=&#8221;on&#8221; _builder_version=&#8221;4.17.6&#8243; _module_preset=&#8221;default&#8221; global_colors_info=&#8221;{}&#8221;][et_pb_column type=&#8221;1_2&#8243; _builder_version=&#8221;4.17.6&#8243; _module_preset=&#8221;default&#8221; global_colors_info=&#8221;{}&#8221;][et_pb_image src=&#8221;https:\/\/seven-project-consulting.com\/wp-content\/uploads\/2022\/09\/AdobeStock_514018280-scaled-e1663145996881.webp&#8221; title_text=&#8221;AdobeStock_514018280&#8243; module_class=&#8221;full_image_width obj_fit obj_top&#8221; _builder_version=&#8221;4.18.0&#8243; _module_preset=&#8221;default&#8221; height=&#8221;580px&#8221; global_colors_info=&#8221;{}&#8221;][\/et_pb_image][\/et_pb_column][et_pb_column type=&#8221;1_2&#8243; _builder_version=&#8221;4.17.6&#8243; _module_preset=&#8221;default&#8221; global_colors_info=&#8221;{}&#8221;][et_pb_text module_class=&#8221;common_htags mb10&#8243; _builder_version=&#8221;4.22.2&#8243; _module_preset=&#8221;default&#8221; global_colors_info=&#8221;{}&#8221;]<\/p>\n<h2>Interim Management Services<\/h2>\n<p>[\/et_pb_text][et_pb_text module_class=&#8221;fonts_20&#8243; _builder_version=&#8221;4.22.2&#8243; _module_preset=&#8221;default&#8221; global_colors_info=&#8221;{}&#8221;]<\/p>\n<p>We enable you to deploy experienced managers for clearly defined tasks for a limited period of time.<\/p>\n<p>Experienced in the industry with technological knowledge, pragmatic and equipped with mentalities that are commonly referred to as &#8220;hands-on&#8221;.<\/p>\n<p>In addition, we can draw on an extensive network of other experts.<\/p>\n<p>[\/et_pb_text][\/et_pb_column][\/et_pb_row][\/et_pb_section][et_pb_section fb_built=&#8221;1&#8243; _builder_version=&#8221;4.17.6&#8243; _module_preset=&#8221;default&#8221; use_background_color_gradient=&#8221;on&#8221; background_color_gradient_direction=&#8221;90deg&#8221; background_color_gradient_stops=&#8221;#f8f8f8 0%|#f8f8f8 60%|#ffffff 70%&#8221; background_color_gradient_overlays_image=&#8221;on&#8221; global_colors_info=&#8221;{}&#8221;][et_pb_row column_structure=&#8221;1_2,1_2&#8243; use_custom_gutter=&#8221;on&#8221; module_class=&#8221;mobile_flex_row&#8221; _builder_version=&#8221;4.17.6&#8243; _module_preset=&#8221;default&#8221; global_colors_info=&#8221;{}&#8221;][et_pb_column type=&#8221;1_2&#8243; module_class=&#8221;mobile_flex_row_col&#8221; _builder_version=&#8221;4.17.6&#8243; _module_preset=&#8221;default&#8221; global_colors_info=&#8221;{}&#8221;][et_pb_text module_class=&#8221;fonts_20&#8243; _builder_version=&#8221;4.22.2&#8243; _module_preset=&#8221;default&#8221; global_colors_info=&#8221;{}&#8221;]<\/p>\n<div class=\"custom_bullets_list\">\n<ul>\n<li>Bridging vacancies and short-term bottlenecks<\/li>\n<li>Project management or subproject management<\/li>\n<li>Support for start-ups<\/li>\n<li>Development and expansion of new business areas<\/li>\n<li>Restructuring\/optimization of business units<\/li>\n<\/ul>\n<\/div>\n<p>[\/et_pb_text][\/et_pb_column][et_pb_column type=&#8221;1_2&#8243; _builder_version=&#8221;4.17.6&#8243; _module_preset=&#8221;default&#8221; global_colors_info=&#8221;{}&#8221;][et_pb_image src=&#8221;https:\/\/seven-project-consulting.com\/wp-content\/uploads\/2022\/09\/AdobeStock_440299419-scaled.webp&#8221; alt=&#8221;AdobeStock_440299419&#8243; module_class=&#8221;full_image_width obj_fit&#8221; _builder_version=&#8221;4.22.2&#8243; _module_preset=&#8221;default&#8221; height=&#8221;340px&#8221; global_colors_info=&#8221;{}&#8221;][\/et_pb_image][\/et_pb_column][\/et_pb_row][\/et_pb_section]<\/p>\n","protected":false},"excerpt":{"rendered":"<p>Interim ManagementInterim Management ServicesWe enable you to deploy experienced managers for clearly defined tasks for a limited period of time. Experienced in the industry with technological knowledge, pragmatic and equipped with mentalities that are commonly referred to as &#8220;hands-on&#8221;. In addition, we can draw on an extensive network of other experts. Bridging vacancies and short-term [&hellip;]<\/p>\n","protected":false},"author":3,"featured_media":0,"parent":0,"menu_order":0,"comment_status":"closed","ping_status":"closed","template":"","meta":{"_et_pb_use_builder":"on","_et_pb_old_content":"[et_pb_section fb_built=\"1\" module_class=\"main_secondary_header text_center white_text common_htags\" _builder_version=\"4.18.0\" _module_preset=\"default\" use_background_color_gradient=\"on\" background_color_gradient_stops=\"rgba(0,0,0,0.5) 0%|rgba(0,0,0,0.5) 100%\" background_color_gradient_overlays_image=\"on\" background_image=\"https:\/\/seven-project-consulting.com\/wp-content\/uploads\/2022\/09\/AdobeStock_506186956-scaled.webp\" global_colors_info=\"{}\"][et_pb_row _builder_version=\"4.17.6\" _module_preset=\"default\" global_colors_info=\"{}\"][et_pb_column type=\"4_4\" _builder_version=\"4.17.6\" _module_preset=\"default\" global_colors_info=\"{}\"][et_pb_text module_class=\"mb0\" _builder_version=\"4.17.6\" _module_preset=\"default\" global_colors_info=\"{}\"]<h1> Interim Management<\/h1>[\/et_pb_text][\/et_pb_column][\/et_pb_row][\/et_pb_section][et_pb_section fb_built=\"1\" _builder_version=\"4.17.6\" _module_preset=\"default\" global_colors_info=\"{}\"][et_pb_row column_structure=\"1_2,1_2\" use_custom_gutter=\"on\" _builder_version=\"4.17.6\" _module_preset=\"default\" global_colors_info=\"{}\"][et_pb_column type=\"1_2\" _builder_version=\"4.17.6\" _module_preset=\"default\" global_colors_info=\"{}\"][et_pb_image src=\"https:\/\/seven-project-consulting.com\/wp-content\/uploads\/2022\/09\/AdobeStock_514018280-scaled-e1663145996881.webp\" title_text=\"AdobeStock_514018280\" module_class=\"full_image_width obj_fit obj_top\" _builder_version=\"4.18.0\" _module_preset=\"default\" height=\"580px\" global_colors_info=\"{}\"][\/et_pb_image][\/et_pb_column][et_pb_column type=\"1_2\" _builder_version=\"4.17.6\" _module_preset=\"default\" global_colors_info=\"{}\"][et_pb_text module_class=\"common_htags mb10\" _builder_version=\"4.17.6\" _module_preset=\"default\" global_colors_info=\"{}\"]<h2>Interim Management Dienstleistungen<\/h2>[\/et_pb_text][et_pb_text module_class=\"fonts_20\" _builder_version=\"4.20.4\" _module_preset=\"default\" global_colors_info=\"{}\"]<p>Wir erm\u00f6glichen Ihnen den zeitlich begrenzten Einsatz von erfahrenen F\u00fchrungskr\u00e4ften in klar definierten Aufgabenstellungen.<\/p>\r\n<p>Branchenerfahren mit Technologiewissen, pragmatisch und mit Mentalit\u00e4ten ausgestattet die man gemeinhin als \u201eHands-On\u201c bezeichnet.<\/p>\r\n<p>Zudem k\u00f6nnen wir auf ein umfangreiches Netzwerk weiterer Experten zur\u00fcckgreifen.<\/p>[\/et_pb_text][\/et_pb_column][\/et_pb_row][\/et_pb_section][et_pb_section fb_built=\"1\" _builder_version=\"4.17.6\" _module_preset=\"default\" use_background_color_gradient=\"on\" background_color_gradient_direction=\"90deg\" background_color_gradient_stops=\"#f8f8f8 0%|#f8f8f8 60%|#ffffff 70%\" background_color_gradient_overlays_image=\"on\" global_colors_info=\"{}\"][et_pb_row column_structure=\"1_2,1_2\" use_custom_gutter=\"on\" module_class=\"mobile_flex_row\" _builder_version=\"4.17.6\" _module_preset=\"default\" global_colors_info=\"{}\"][et_pb_column type=\"1_2\" module_class=\"mobile_flex_row_col\" _builder_version=\"4.17.6\" _module_preset=\"default\" global_colors_info=\"{}\"][et_pb_text module_class=\"fonts_20\" _builder_version=\"4.17.6\" _module_preset=\"default\" global_colors_info=\"{}\"]<div class=\"custom_bullets_list\">\r\n\t<ul>\r\n    \t<li>\u00dcberbr\u00fcckung von Vakanzen und kurzfristigen Engp\u00e4ssen<\/li>\r\n        <li>Projektleitung oder Teilprojektleitung<\/li>\r\n        <li>Unterst\u00fctzung bei Neugr\u00fcndungen<\/li>\r\n        <li>Auf-und Ausbau neuer Gesch\u00e4ftsfelder<\/li>\r\n        <li>Restrukturierung\/Optimierung von Unternehmenseinheiten<\/li>\r\n    <\/ul>\r\n<\/div>[\/et_pb_text][\/et_pb_column][et_pb_column type=\"1_2\" _builder_version=\"4.17.6\" _module_preset=\"default\" global_colors_info=\"{}\"][et_pb_image src=\"https:\/\/seven-project-consulting.com\/wp-content\/uploads\/2022\/09\/AdobeStock_440299419-scaled.webp\" alt=\"AdobeStock_440299419\" module_class=\"full_image_width obj_fit\" _builder_version=\"4.22.2\" _module_preset=\"default\" height=\"340px\" hover_enabled=\"0\" global_colors_info=\"{}\" sticky_enabled=\"0\"][\/et_pb_image][\/et_pb_column][\/et_pb_row][\/et_pb_section]","_et_gb_content_width":"","footnotes":""},"class_list":["post-60737","page","type-page","status-publish","hentry"],"yoast_head":"<!-- This site is optimized with the Yoast SEO plugin v27.2 - https:\/\/yoast.com\/product\/yoast-seo-wordpress\/ -->\n<title>Interim Management - Seven Project Consulting<\/title>\n<meta name=\"description\" content=\"Experienced in the industry with technological knowledge, pragmatic and equipped with mentalities that are commonly referred to as hands-on.\" \/>\n<meta name=\"robots\" content=\"index, follow, max-snippet:-1, max-image-preview:large, max-video-preview:-1\" \/>\n<link rel=\"canonical\" href=\"https:\/\/seven-project-consulting.com\/en\/interim-management\/\" \/>\n<meta property=\"og:locale\" content=\"en_US\" \/>\n<meta property=\"og:type\" content=\"article\" \/>\n<meta property=\"og:title\" content=\"Interim Management - Seven Project Consulting\" \/>\n<meta property=\"og:description\" content=\"Experienced in the industry with technological knowledge, pragmatic and equipped with mentalities that are commonly referred to as hands-on.\" \/>\n<meta property=\"og:url\" content=\"https:\/\/seven-project-consulting.com\/en\/interim-management\/\" \/>\n<meta property=\"og:site_name\" content=\"Seven Project Consulting\" \/>\n<meta property=\"article:modified_time\" content=\"2024-02-15T13:58:42+00:00\" \/>\n<meta name=\"twitter:card\" content=\"summary_large_image\" \/>\n<meta name=\"twitter:label1\" content=\"Est. reading time\" \/>\n\t<meta name=\"twitter:data1\" content=\"1 minute\" \/>\n<script type=\"application\/ld+json\" class=\"yoast-schema-graph\">{\"@context\":\"https:\/\/schema.org\",\"@graph\":[{\"@type\":\"WebPage\",\"@id\":\"https:\/\/seven-project-consulting.com\/en\/interim-management\/\",\"url\":\"https:\/\/seven-project-consulting.com\/en\/interim-management\/\",\"name\":\"Interim Management - Seven Project Consulting\",\"isPartOf\":{\"@id\":\"https:\/\/seven-project-consulting.com\/en\/#website\"},\"datePublished\":\"2024-02-15T10:00:54+00:00\",\"dateModified\":\"2024-02-15T13:58:42+00:00\",\"description\":\"Experienced in the industry with technological knowledge, pragmatic and equipped with mentalities that are commonly referred to as hands-on.\",\"breadcrumb\":{\"@id\":\"https:\/\/seven-project-consulting.com\/en\/interim-management\/#breadcrumb\"},\"inLanguage\":\"en-US\",\"potentialAction\":[{\"@type\":\"ReadAction\",\"target\":[\"https:\/\/seven-project-consulting.com\/en\/interim-management\/\"]}]},{\"@type\":\"BreadcrumbList\",\"@id\":\"https:\/\/seven-project-consulting.com\/en\/interim-management\/#breadcrumb\",\"itemListElement\":[{\"@type\":\"ListItem\",\"position\":1,\"name\":\"Startseite\",\"item\":\"https:\/\/seven-project-consulting.com\/en\/\"},{\"@type\":\"ListItem\",\"position\":2,\"name\":\"Interim Management\"}]},{\"@type\":\"WebSite\",\"@id\":\"https:\/\/seven-project-consulting.com\/en\/#website\",\"url\":\"https:\/\/seven-project-consulting.com\/en\/\",\"name\":\"Seven Project Consulting\",\"description\":\"Firmenslogan\",\"potentialAction\":[{\"@type\":\"SearchAction\",\"target\":{\"@type\":\"EntryPoint\",\"urlTemplate\":\"https:\/\/seven-project-consulting.com\/en\/?s={search_term_string}\"},\"query-input\":{\"@type\":\"PropertyValueSpecification\",\"valueRequired\":true,\"valueName\":\"search_term_string\"}}],\"inLanguage\":\"en-US\"}]}<\/script>\n<!-- \/ Yoast SEO plugin. -->","yoast_head_json":{"title":"Interim Management - Seven Project Consulting","description":"Experienced in the industry with technological knowledge, pragmatic and equipped with mentalities that are commonly referred to as hands-on.","robots":{"index":"index","follow":"follow","max-snippet":"max-snippet:-1","max-image-preview":"max-image-preview:large","max-video-preview":"max-video-preview:-1"},"canonical":"https:\/\/seven-project-consulting.com\/en\/interim-management\/","og_locale":"en_US","og_type":"article","og_title":"Interim Management - Seven Project Consulting","og_description":"Experienced in the industry with technological knowledge, pragmatic and equipped with mentalities that are commonly referred to as hands-on.","og_url":"https:\/\/seven-project-consulting.com\/en\/interim-management\/","og_site_name":"Seven Project Consulting","article_modified_time":"2024-02-15T13:58:42+00:00","twitter_card":"summary_large_image","twitter_misc":{"Est. reading time":"1 minute"},"schema":{"@context":"https:\/\/schema.org","@graph":[{"@type":"WebPage","@id":"https:\/\/seven-project-consulting.com\/en\/interim-management\/","url":"https:\/\/seven-project-consulting.com\/en\/interim-management\/","name":"Interim Management - Seven Project Consulting","isPartOf":{"@id":"https:\/\/seven-project-consulting.com\/en\/#website"},"datePublished":"2024-02-15T10:00:54+00:00","dateModified":"2024-02-15T13:58:42+00:00","description":"Experienced in the industry with technological knowledge, pragmatic and equipped with mentalities that are commonly referred to as hands-on.","breadcrumb":{"@id":"https:\/\/seven-project-consulting.com\/en\/interim-management\/#breadcrumb"},"inLanguage":"en-US","potentialAction":[{"@type":"ReadAction","target":["https:\/\/seven-project-consulting.com\/en\/interim-management\/"]}]},{"@type":"BreadcrumbList","@id":"https:\/\/seven-project-consulting.com\/en\/interim-management\/#breadcrumb","itemListElement":[{"@type":"ListItem","position":1,"name":"Startseite","item":"https:\/\/seven-project-consulting.com\/en\/"},{"@type":"ListItem","position":2,"name":"Interim Management"}]},{"@type":"WebSite","@id":"https:\/\/seven-project-consulting.com\/en\/#website","url":"https:\/\/seven-project-consulting.com\/en\/","name":"Seven Project Consulting","description":"Firmenslogan","potentialAction":[{"@type":"SearchAction","target":{"@type":"EntryPoint","urlTemplate":"https:\/\/seven-project-consulting.com\/en\/?s={search_term_string}"},"query-input":{"@type":"PropertyValueSpecification","valueRequired":true,"valueName":"search_term_string"}}],"inLanguage":"en-US"}]}},"_links":{"self":[{"href":"https:\/\/seven-project-consulting.com\/en\/wp-json\/wp\/v2\/pages\/60737","targetHints":{"allow":["GET"]}}],"collection":[{"href":"https:\/\/seven-project-consulting.com\/en\/wp-json\/wp\/v2\/pages"}],"about":[{"href":"https:\/\/seven-project-consulting.com\/en\/wp-json\/wp\/v2\/types\/page"}],"author":[{"embeddable":true,"href":"https:\/\/seven-project-consulting.com\/en\/wp-json\/wp\/v2\/users\/3"}],"replies":[{"embeddable":true,"href":"https:\/\/seven-project-consulting.com\/en\/wp-json\/wp\/v2\/comments?post=60737"}],"version-history":[{"count":4,"href":"https:\/\/seven-project-consulting.com\/en\/wp-json\/wp\/v2\/pages\/60737\/revisions"}],"predecessor-version":[{"id":60878,"href":"https:\/\/seven-project-consulting.com\/en\/wp-json\/wp\/v2\/pages\/60737\/revisions\/60878"}],"wp:attachment":[{"href":"https:\/\/seven-project-consulting.com\/en\/wp-json\/wp\/v2\/media?parent=60737"}],"curies":[{"name":"wp","href":"https:\/\/api.w.org\/{rel}","templated":true}]}}