{"id":60847,"date":"2024-02-15T13:56:07","date_gmt":"2024-02-15T12:56:07","guid":{"rendered":"https:\/\/seven-project-consulting.com\/?page_id=60847"},"modified":"2026-01-15T07:19:05","modified_gmt":"2026-01-15T06:19:05","slug":"imprint","status":"publish","type":"page","link":"https:\/\/seven-project-consulting.com\/en\/imprint\/","title":{"rendered":"Imprint"},"content":{"rendered":"<p>[et_pb_section fb_built=&#8221;1&#8243; module_class=&#8221;main_secondary_header text_center white_text common_htags&#8221; _builder_version=&#8221;4.18.0&#8243; _module_preset=&#8221;default&#8221; use_background_color_gradient=&#8221;on&#8221; background_color_gradient_stops=&#8221;rgba(0,0,0,0.5) 0%|rgba(0,0,0,0.5) 100%&#8221; background_color_gradient_overlays_image=&#8221;on&#8221; background_image=&#8221;https:\/\/seven-project-consulting.com\/wp-content\/uploads\/2022\/09\/AdobeStock_300177662-scaled.webp&#8221; global_colors_info=&#8221;{}&#8221;][et_pb_row _builder_version=&#8221;4.17.6&#8243; _module_preset=&#8221;default&#8221; global_colors_info=&#8221;{}&#8221;][et_pb_column type=&#8221;4_4&#8243; _builder_version=&#8221;4.17.6&#8243; _module_preset=&#8221;default&#8221; global_colors_info=&#8221;{}&#8221;][et_pb_text module_class=&#8221;mb0&#8243; _builder_version=&#8221;4.22.2&#8243; _module_preset=&#8221;default&#8221; global_colors_info=&#8221;{}&#8221;]<\/p>\n<h1>Imprint<\/h1>\n<p>[\/et_pb_text][\/et_pb_column][\/et_pb_row][\/et_pb_section][et_pb_section fb_built=&#8221;1&#8243; _builder_version=&#8221;4.16&#8243; global_colors_info=&#8221;{}&#8221;][et_pb_row _builder_version=&#8221;4.16&#8243; global_colors_info=&#8221;{}&#8221;][et_pb_column type=&#8221;4_4&#8243; _builder_version=&#8221;4.16&#8243; custom_padding=&#8221;|||&#8221; global_colors_info=&#8221;{}&#8221; custom_padding__hover=&#8221;|||&#8221;][et_pb_text module_class=&#8221;fonts_20&#8243; _builder_version=&#8221;4.27.5&#8243; text_line_height=&#8221;1.6em&#8221; header_font=&#8221;|600|||||||&#8221; header_2_font=&#8221;|600|||||||&#8221; header_2_font_size=&#8221;21px&#8221; vertical_offset_tablet=&#8221;0&#8243; horizontal_offset_tablet=&#8221;0&#8243; hover_enabled=&#8221;0&#8243; z_index_tablet=&#8221;0&#8243; text_text_shadow_horizontal_length_tablet=&#8221;0px&#8221; text_text_shadow_vertical_length_tablet=&#8221;0px&#8221; text_text_shadow_blur_strength_tablet=&#8221;1px&#8221; link_text_shadow_horizontal_length_tablet=&#8221;0px&#8221; link_text_shadow_vertical_length_tablet=&#8221;0px&#8221; link_text_shadow_blur_strength_tablet=&#8221;1px&#8221; ul_text_shadow_horizontal_length_tablet=&#8221;0px&#8221; ul_text_shadow_vertical_length_tablet=&#8221;0px&#8221; ul_text_shadow_blur_strength_tablet=&#8221;1px&#8221; ol_text_shadow_horizontal_length_tablet=&#8221;0px&#8221; ol_text_shadow_vertical_length_tablet=&#8221;0px&#8221; ol_text_shadow_blur_strength_tablet=&#8221;1px&#8221; quote_text_shadow_horizontal_length_tablet=&#8221;0px&#8221; quote_text_shadow_vertical_length_tablet=&#8221;0px&#8221; quote_text_shadow_blur_strength_tablet=&#8221;1px&#8221; header_text_shadow_horizontal_length_tablet=&#8221;0px&#8221; header_text_shadow_vertical_length_tablet=&#8221;0px&#8221; header_text_shadow_blur_strength_tablet=&#8221;1px&#8221; header_2_text_shadow_horizontal_length_tablet=&#8221;0px&#8221; header_2_text_shadow_vertical_length_tablet=&#8221;0px&#8221; header_2_text_shadow_blur_strength_tablet=&#8221;1px&#8221; header_3_text_shadow_horizontal_length_tablet=&#8221;0px&#8221; header_3_text_shadow_vertical_length_tablet=&#8221;0px&#8221; header_3_text_shadow_blur_strength_tablet=&#8221;1px&#8221; header_4_text_shadow_horizontal_length_tablet=&#8221;0px&#8221; header_4_text_shadow_vertical_length_tablet=&#8221;0px&#8221; header_4_text_shadow_blur_strength_tablet=&#8221;1px&#8221; header_5_text_shadow_horizontal_length_tablet=&#8221;0px&#8221; header_5_text_shadow_vertical_length_tablet=&#8221;0px&#8221; header_5_text_shadow_blur_strength_tablet=&#8221;1px&#8221; header_6_text_shadow_horizontal_length_tablet=&#8221;0px&#8221; header_6_text_shadow_vertical_length_tablet=&#8221;0px&#8221; header_6_text_shadow_blur_strength_tablet=&#8221;1px&#8221; box_shadow_horizontal_tablet=&#8221;0px&#8221; box_shadow_vertical_tablet=&#8221;0px&#8221; box_shadow_blur_tablet=&#8221;40px&#8221; box_shadow_spread_tablet=&#8221;0px&#8221; global_colors_info=&#8221;{}&#8221; sticky_enabled=&#8221;0&#8243;]<\/p>\n<p>Seven Project Consulting<br \/>Rosa-Bavarese-Str. 3<br \/>80639 M\u00fcnchen<\/p>\n<p><strong>Represented by:<\/strong><br \/>Mr. Ralf Seveneick<\/p>\n<h2>Contact us<\/h2>\n<p>Telephone: +49 151 587 873 51<br \/>E-Mail: ralf.seveneick@seven-project-consulting.com<\/p>\n<h2>Tax number:<\/h2>\n<p>(CUI) RO47476087<\/p>\n<h2>Sources for the images and graphics used:<\/h2>\n<p>https:\/\/stock.adobe.com\/<\/p>\n<p>\u00a9 Jirapong, \u00a9 tortoon, \u00a9 Kzenon, \u00a9 xiaoliangge, \u00a9 Murrstock, \u00a9 Ewald Fr\u00f6ch, \u00a9 moodboard, \u00a9 M-Production, \u00a9 vadimalekcandr, \u00a9 Parilov, \u00a9 Kadmy, \u00a9 marvent, \u00a9 ASDF, \u00a9 amnaj, \u00a9 Thapana_Studio, \u00a9 wutzkoh, \u00a9 Moon Safari, \u00a9 vegefox. com, \u00a9 BGStock72, \u00a9 Dilok, \u00a9 insta_photos, \u00a9 Studio Romantic, \u00a9 Jeanette Dietl, \u00a9 BillionPhotos.com, \u00a9 freshidea, \u00a9 REDPIXEL, \u00a9 Konstantin Yuganov, \u00a9 Andrey Popov, \u00a9 Summit Art Creations.<\/p>\n<p>The photos used on our website are protected by copyright and licensed for or by Seven Project Consulting (additionally also via stock.adobe.com). See the legal information there.<\/p>\n<p>[\/et_pb_text][et_pb_image src=&#8221;https:\/\/seven-project-consulting.com\/wp-content\/uploads\/2022\/04\/erecht24-grau-impressum-klein.png&#8221; _builder_version=&#8221;4.17.0&#8243; vertical_offset_tablet=&#8221;0&#8243; horizontal_offset_tablet=&#8221;0&#8243; z_index_tablet=&#8221;0&#8243; box_shadow_horizontal_tablet=&#8221;0px&#8221; box_shadow_vertical_tablet=&#8221;0px&#8221; box_shadow_blur_tablet=&#8221;40px&#8221; box_shadow_spread_tablet=&#8221;0px&#8221; global_colors_info=&#8221;{}&#8221;][\/et_pb_image][\/et_pb_column][\/et_pb_row][\/et_pb_section]<\/p>\n","protected":false},"excerpt":{"rendered":"<p>ImprintSeven Project ConsultingRosa-Bavarese-Str. 380639 M\u00fcnchen Represented by:Mr. Ralf Seveneick Contact us Telephone: +49 151 587 873 51E-Mail: ralf.seveneick@seven-project-consulting.com Tax number: (CUI) RO47476087 Sources for the images and graphics used: https:\/\/stock.adobe.com\/ \u00a9 Jirapong, \u00a9 tortoon, \u00a9 Kzenon, \u00a9 xiaoliangge, \u00a9 Murrstock, \u00a9 Ewald Fr\u00f6ch, \u00a9 moodboard, \u00a9 M-Production, \u00a9 vadimalekcandr, \u00a9 Parilov, \u00a9 Kadmy, \u00a9 marvent, [&hellip;]<\/p>\n","protected":false},"author":3,"featured_media":0,"parent":0,"menu_order":0,"comment_status":"closed","ping_status":"closed","template":"","meta":{"_et_pb_use_builder":"on","_et_pb_old_content":"[et_pb_section fb_built=\"1\" module_class=\"main_secondary_header text_center white_text common_htags\" _builder_version=\"4.18.0\" _module_preset=\"default\" use_background_color_gradient=\"on\" background_color_gradient_stops=\"rgba(0,0,0,0.5) 0%|rgba(0,0,0,0.5) 100%\" background_color_gradient_overlays_image=\"on\" background_image=\"https:\/\/seven-project-consulting.com\/wp-content\/uploads\/2022\/09\/AdobeStock_300177662-scaled.webp\" global_colors_info=\"{}\"][et_pb_row _builder_version=\"4.17.6\" _module_preset=\"default\" global_colors_info=\"{}\"][et_pb_column type=\"4_4\" _builder_version=\"4.17.6\" _module_preset=\"default\" global_colors_info=\"{}\"][et_pb_text module_class=\"mb0\" _builder_version=\"4.17.6\" _module_preset=\"default\" global_colors_info=\"{}\"]<h1>Impressum<\/h1>[\/et_pb_text][\/et_pb_column][\/et_pb_row][\/et_pb_section][et_pb_section fb_built=\"1\" _builder_version=\"4.16\" global_colors_info=\"{}\"][et_pb_row _builder_version=\"4.16\" global_colors_info=\"{}\"][et_pb_column type=\"4_4\" _builder_version=\"4.16\" custom_padding=\"|||\" global_colors_info=\"{}\" custom_padding__hover=\"|||\"][et_pb_text _builder_version=\"4.22.2\" text_line_height=\"1.6em\" header_font=\"|600|||||||\" header_2_font=\"|600|||||||\" header_2_font_size=\"21px\" vertical_offset_tablet=\"0\" horizontal_offset_tablet=\"0\" hover_enabled=\"0\" z_index_tablet=\"0\" text_text_shadow_horizontal_length_tablet=\"0px\" text_text_shadow_vertical_length_tablet=\"0px\" text_text_shadow_blur_strength_tablet=\"1px\" link_text_shadow_horizontal_length_tablet=\"0px\" link_text_shadow_vertical_length_tablet=\"0px\" link_text_shadow_blur_strength_tablet=\"1px\" ul_text_shadow_horizontal_length_tablet=\"0px\" ul_text_shadow_vertical_length_tablet=\"0px\" ul_text_shadow_blur_strength_tablet=\"1px\" ol_text_shadow_horizontal_length_tablet=\"0px\" ol_text_shadow_vertical_length_tablet=\"0px\" ol_text_shadow_blur_strength_tablet=\"1px\" quote_text_shadow_horizontal_length_tablet=\"0px\" quote_text_shadow_vertical_length_tablet=\"0px\" quote_text_shadow_blur_strength_tablet=\"1px\" header_text_shadow_horizontal_length_tablet=\"0px\" header_text_shadow_vertical_length_tablet=\"0px\" header_text_shadow_blur_strength_tablet=\"1px\" header_2_text_shadow_horizontal_length_tablet=\"0px\" header_2_text_shadow_vertical_length_tablet=\"0px\" header_2_text_shadow_blur_strength_tablet=\"1px\" header_3_text_shadow_horizontal_length_tablet=\"0px\" header_3_text_shadow_vertical_length_tablet=\"0px\" header_3_text_shadow_blur_strength_tablet=\"1px\" header_4_text_shadow_horizontal_length_tablet=\"0px\" header_4_text_shadow_vertical_length_tablet=\"0px\" header_4_text_shadow_blur_strength_tablet=\"1px\" header_5_text_shadow_horizontal_length_tablet=\"0px\" header_5_text_shadow_vertical_length_tablet=\"0px\" header_5_text_shadow_blur_strength_tablet=\"1px\" header_6_text_shadow_horizontal_length_tablet=\"0px\" header_6_text_shadow_vertical_length_tablet=\"0px\" header_6_text_shadow_blur_strength_tablet=\"1px\" box_shadow_horizontal_tablet=\"0px\" box_shadow_vertical_tablet=\"0px\" box_shadow_blur_tablet=\"40px\" box_shadow_spread_tablet=\"0px\" global_colors_info=\"{}\" module_class=\"fonts_20\" sticky_enabled=\"0\"]<h2>Angaben gem\u00e4\u00df \u00a7 5 TMG<\/h2>\r\n<p>Seven Project Consulting<br \/>Rosa-Bavarese-Str. 3<br \/>80639 M\u00fcnchen<\/p>\r\n<p><strong>Vertreten durch:<\/strong><br \/>Herr Ralf Seveneick<\/p>\r\n<h2>Kontakt<\/h2>\r\n<p>Telefon: +49 152 53 673 435<br \/>E-Mail: ralf.seveneick@seven-project-consulting.com<\/p>\r\n<h2>Umsatzsteuer-ID<\/h2>\r\n<p>Umsatzsteuer-Identifikationsnummer gem\u00e4\u00df \u00a7 27 a Umsatzsteuergesetz:<br \/>DE270021223<\/p>\r\n<h2>Quellenangaben f\u00fcr die verwendeten Bilder und Grafiken:<\/h2>\r\n<p>https:\/\/stock.adobe.com\/<\/p>\r\n<p>\u00a9 Jirapong, \u00a9 tortoon, \u00a9 Kzenon, \u00a9 xiaoliangge, \u00a9 Murrstock, \u00a9 Ewald Fr\u00f6ch, \u00a9 moodboard, \u00a9 M-Production, \u00a9 vadimalekcandr, \u00a9 Parilov, \u00a9 Kadmy, \u00a9 marvent, \u00a9 ASDF, \u00a9 amnaj, \u00a9 Thapana_Studio, \u00a9 wutzkoh, \u00a9 Moon Safari, \u00a9 vegefox.com, \u00a9 BGStock72, \u00a9 Dilok, \u00a9 insta_photos, \u00a9 Studio Romantic, \u00a9 Jeanette Dietl, \u00a9 BillionPhotos.com, \u00a9 freshidea, \u00a9 REDPIXEL, \u00a9 Konstantin Yuganov, \u00a9 Andrey Popov.<\/p>\r\n<p>Die auf unserer Webseite verwendeten Fotos sind urheberrechtlich gesch\u00fctzt und f\u00fcr bzw. durch Seven Project Consulting lizensiert (erg\u00e4nzend auch \u00fcber stock.adobe.com). Siehe die dortigen Hinweise zur rechtlichen Situation.<\/p>\r\n<p>\u00a0<\/p>[\/et_pb_text][et_pb_image src=\"https:\/\/seven-project-consulting.com\/wp-content\/uploads\/2022\/04\/erecht24-grau-impressum-klein.png\" _builder_version=\"4.17.0\" vertical_offset_tablet=\"0\" horizontal_offset_tablet=\"0\" z_index_tablet=\"0\" box_shadow_horizontal_tablet=\"0px\" box_shadow_vertical_tablet=\"0px\" box_shadow_blur_tablet=\"40px\" box_shadow_spread_tablet=\"0px\" global_colors_info=\"{}\"][\/et_pb_image][\/et_pb_column][\/et_pb_row][\/et_pb_section]","_et_gb_content_width":"","footnotes":""},"class_list":["post-60847","page","type-page","status-publish","hentry"],"yoast_head":"<!-- This site is optimized with the Yoast SEO plugin v27.2 - https:\/\/yoast.com\/product\/yoast-seo-wordpress\/ -->\n<title>Imprint - Seven Project Consulting<\/title>\n<meta name=\"description\" content=\"Seven Project Consulting Rosa-Bavarese-Str. 3 80639 M\u00fcnchen Represented by: Mr. Ralf Seveneick\" \/>\n<meta name=\"robots\" content=\"index, follow, max-snippet:-1, max-image-preview:large, max-video-preview:-1\" \/>\n<link rel=\"canonical\" href=\"https:\/\/seven-project-consulting.com\/en\/imprint\/\" \/>\n<meta property=\"og:locale\" content=\"en_US\" \/>\n<meta property=\"og:type\" content=\"article\" \/>\n<meta property=\"og:title\" content=\"Imprint - Seven Project Consulting\" \/>\n<meta property=\"og:description\" content=\"Seven Project Consulting Rosa-Bavarese-Str. 3 80639 M\u00fcnchen Represented by: Mr. Ralf Seveneick\" \/>\n<meta property=\"og:url\" content=\"https:\/\/seven-project-consulting.com\/en\/imprint\/\" \/>\n<meta property=\"og:site_name\" content=\"Seven Project Consulting\" \/>\n<meta property=\"article:modified_time\" content=\"2026-01-15T06:19:05+00:00\" \/>\n<meta name=\"twitter:card\" content=\"summary_large_image\" \/>\n<meta name=\"twitter:label1\" content=\"Est. reading time\" \/>\n\t<meta name=\"twitter:data1\" content=\"1 minute\" \/>\n<script type=\"application\/ld+json\" class=\"yoast-schema-graph\">{\"@context\":\"https:\/\/schema.org\",\"@graph\":[{\"@type\":\"WebPage\",\"@id\":\"https:\/\/seven-project-consulting.com\/en\/imprint\/\",\"url\":\"https:\/\/seven-project-consulting.com\/en\/imprint\/\",\"name\":\"Imprint - Seven Project Consulting\",\"isPartOf\":{\"@id\":\"https:\/\/seven-project-consulting.com\/en\/#website\"},\"datePublished\":\"2024-02-15T12:56:07+00:00\",\"dateModified\":\"2026-01-15T06:19:05+00:00\",\"description\":\"Seven Project Consulting Rosa-Bavarese-Str. 3 80639 M\u00fcnchen Represented by: Mr. Ralf Seveneick\",\"breadcrumb\":{\"@id\":\"https:\/\/seven-project-consulting.com\/en\/imprint\/#breadcrumb\"},\"inLanguage\":\"en-US\",\"potentialAction\":[{\"@type\":\"ReadAction\",\"target\":[\"https:\/\/seven-project-consulting.com\/en\/imprint\/\"]}]},{\"@type\":\"BreadcrumbList\",\"@id\":\"https:\/\/seven-project-consulting.com\/en\/imprint\/#breadcrumb\",\"itemListElement\":[{\"@type\":\"ListItem\",\"position\":1,\"name\":\"Startseite\",\"item\":\"https:\/\/seven-project-consulting.com\/en\/\"},{\"@type\":\"ListItem\",\"position\":2,\"name\":\"Imprint\"}]},{\"@type\":\"WebSite\",\"@id\":\"https:\/\/seven-project-consulting.com\/en\/#website\",\"url\":\"https:\/\/seven-project-consulting.com\/en\/\",\"name\":\"Seven Project Consulting\",\"description\":\"Firmenslogan\",\"potentialAction\":[{\"@type\":\"SearchAction\",\"target\":{\"@type\":\"EntryPoint\",\"urlTemplate\":\"https:\/\/seven-project-consulting.com\/en\/?s={search_term_string}\"},\"query-input\":{\"@type\":\"PropertyValueSpecification\",\"valueRequired\":true,\"valueName\":\"search_term_string\"}}],\"inLanguage\":\"en-US\"}]}<\/script>\n<!-- \/ Yoast SEO plugin. -->","yoast_head_json":{"title":"Imprint - Seven Project Consulting","description":"Seven Project Consulting Rosa-Bavarese-Str. 3 80639 M\u00fcnchen Represented by: Mr. Ralf Seveneick","robots":{"index":"index","follow":"follow","max-snippet":"max-snippet:-1","max-image-preview":"max-image-preview:large","max-video-preview":"max-video-preview:-1"},"canonical":"https:\/\/seven-project-consulting.com\/en\/imprint\/","og_locale":"en_US","og_type":"article","og_title":"Imprint - Seven Project Consulting","og_description":"Seven Project Consulting Rosa-Bavarese-Str. 3 80639 M\u00fcnchen Represented by: Mr. Ralf Seveneick","og_url":"https:\/\/seven-project-consulting.com\/en\/imprint\/","og_site_name":"Seven Project Consulting","article_modified_time":"2026-01-15T06:19:05+00:00","twitter_card":"summary_large_image","twitter_misc":{"Est. reading time":"1 minute"},"schema":{"@context":"https:\/\/schema.org","@graph":[{"@type":"WebPage","@id":"https:\/\/seven-project-consulting.com\/en\/imprint\/","url":"https:\/\/seven-project-consulting.com\/en\/imprint\/","name":"Imprint - Seven Project Consulting","isPartOf":{"@id":"https:\/\/seven-project-consulting.com\/en\/#website"},"datePublished":"2024-02-15T12:56:07+00:00","dateModified":"2026-01-15T06:19:05+00:00","description":"Seven Project Consulting Rosa-Bavarese-Str. 3 80639 M\u00fcnchen Represented by: Mr. Ralf Seveneick","breadcrumb":{"@id":"https:\/\/seven-project-consulting.com\/en\/imprint\/#breadcrumb"},"inLanguage":"en-US","potentialAction":[{"@type":"ReadAction","target":["https:\/\/seven-project-consulting.com\/en\/imprint\/"]}]},{"@type":"BreadcrumbList","@id":"https:\/\/seven-project-consulting.com\/en\/imprint\/#breadcrumb","itemListElement":[{"@type":"ListItem","position":1,"name":"Startseite","item":"https:\/\/seven-project-consulting.com\/en\/"},{"@type":"ListItem","position":2,"name":"Imprint"}]},{"@type":"WebSite","@id":"https:\/\/seven-project-consulting.com\/en\/#website","url":"https:\/\/seven-project-consulting.com\/en\/","name":"Seven Project Consulting","description":"Firmenslogan","potentialAction":[{"@type":"SearchAction","target":{"@type":"EntryPoint","urlTemplate":"https:\/\/seven-project-consulting.com\/en\/?s={search_term_string}"},"query-input":{"@type":"PropertyValueSpecification","valueRequired":true,"valueName":"search_term_string"}}],"inLanguage":"en-US"}]}},"_links":{"self":[{"href":"https:\/\/seven-project-consulting.com\/en\/wp-json\/wp\/v2\/pages\/60847","targetHints":{"allow":["GET"]}}],"collection":[{"href":"https:\/\/seven-project-consulting.com\/en\/wp-json\/wp\/v2\/pages"}],"about":[{"href":"https:\/\/seven-project-consulting.com\/en\/wp-json\/wp\/v2\/types\/page"}],"author":[{"embeddable":true,"href":"https:\/\/seven-project-consulting.com\/en\/wp-json\/wp\/v2\/users\/3"}],"replies":[{"embeddable":true,"href":"https:\/\/seven-project-consulting.com\/en\/wp-json\/wp\/v2\/comments?post=60847"}],"version-history":[{"count":6,"href":"https:\/\/seven-project-consulting.com\/en\/wp-json\/wp\/v2\/pages\/60847\/revisions"}],"predecessor-version":[{"id":61369,"href":"https:\/\/seven-project-consulting.com\/en\/wp-json\/wp\/v2\/pages\/60847\/revisions\/61369"}],"wp:attachment":[{"href":"https:\/\/seven-project-consulting.com\/en\/wp-json\/wp\/v2\/media?parent=60847"}],"curies":[{"name":"wp","href":"https:\/\/api.w.org\/{rel}","templated":true}]}}